{"id":37,"date":"2024-07-10T19:37:41","date_gmt":"2024-07-10T19:37:41","guid":{"rendered":"http:\/\/saude-masculina-001.space\/?page_id=37"},"modified":"2025-03-19T13:08:47","modified_gmt":"2025-03-19T13:08:47","slug":"elementor-37","status":"publish","type":"page","link":"https:\/\/www.saude-masculina-001.space\/","title":{"rendered":"Pressel"},"content":{"rendered":"\t\t<div data-elementor-type=\"wp-page\" data-elementor-id=\"37\" class=\"elementor elementor-37\" data-elementor-post-type=\"page\">\n\t\t\t\t\t\t<section class=\"elementor-section elementor-top-section elementor-element elementor-element-2825acc8 elementor-section-boxed elementor-section-height-default elementor-section-height-default\" data-id=\"2825acc8\" data-element_type=\"section\" data-settings=\"{&quot;background_background&quot;:&quot;classic&quot;}\">\n\t\t\t\t\t\t<div class=\"elementor-container elementor-column-gap-default\">\n\t\t\t\t\t<div class=\"elementor-column elementor-col-100 elementor-top-column elementor-element elementor-element-6999f164\" data-id=\"6999f164\" data-element_type=\"column\">\n\t\t\t<div class=\"elementor-widget-wrap elementor-element-populated\">\n\t\t\t\t\t\t<div class=\"elementor-element elementor-element-77f3c714 elementor-widget elementor-widget-spacer\" data-id=\"77f3c714\" data-element_type=\"widget\" data-widget_type=\"spacer.default\">\n\t\t\t\t<div class=\"elementor-widget-container\">\n\t\t\t\t\t\t\t<div class=\"elementor-spacer\">\n\t\t\t<div class=\"elementor-spacer-inner\"><\/div>\n\t\t<\/div>\n\t\t\t\t\t\t<\/div>\n\t\t\t\t<\/div>\n\t\t\t\t<div class=\"elementor-element elementor-element-c51e65e elementor-widget elementor-widget-heading\" data-id=\"c51e65e\" data-element_type=\"widget\" data-widget_type=\"heading.default\">\n\t\t\t\t<div class=\"elementor-widget-container\">\n\t\t\t\t\t<h2 class=\"elementor-heading-title elementor-size-default\"><a href=\"https:\/\/api.whatsapp.com\/send?phone=5511973867700&#038;text=Ol%C3%A1,%20vim%20do%20Kwai\">FALE COM UM ESPECIALISTA!<\/a><\/h2>\t\t\t\t<\/div>\n\t\t\t\t<\/div>\n\t\t\t\t<div class=\"elementor-element elementor-element-110c37b3 elementor-widget elementor-widget-image\" data-id=\"110c37b3\" data-element_type=\"widget\" data-widget_type=\"image.default\">\n\t\t\t\t<div class=\"elementor-widget-container\">\n\t\t\t\t\t\t\t\t\t\t\t\t\t\t\t\t<a href=\"https:\/\/api.whatsapp.com\/send?phone=5511973867700&#038;text=Ol%C3%A1,%20vim%20do%20Kwai\">\n\t\t\t\t\t\t\t<img fetchpriority=\"high\" decoding=\"async\" width=\"300\" height=\"300\" src=\"https:\/\/www.saude-masculina-001.space\/wp-content\/uploads\/2024\/07\/Design_sem_nome-removebg-preview-300x300.png\" class=\"attachment-medium size-medium wp-image-43\" alt=\"\" srcset=\"https:\/\/www.saude-masculina-001.space\/wp-content\/uploads\/2024\/07\/Design_sem_nome-removebg-preview-300x300.png 300w, https:\/\/www.saude-masculina-001.space\/wp-content\/uploads\/2024\/07\/Design_sem_nome-removebg-preview-150x150.png 150w, https:\/\/www.saude-masculina-001.space\/wp-content\/uploads\/2024\/07\/Design_sem_nome-removebg-preview-100x100.png 100w, https:\/\/www.saude-masculina-001.space\/wp-content\/uploads\/2024\/07\/Design_sem_nome-removebg-preview.png 500w\" sizes=\"100vw\" \/>\t\t\t\t\t\t\t\t<\/a>\n\t\t\t\t\t\t\t\t\t\t\t\t\t\t\t<\/div>\n\t\t\t\t<\/div>\n\t\t\t\t<div class=\"elementor-element elementor-element-6a8d7af0 elementor-widget elementor-widget-image\" data-id=\"6a8d7af0\" data-element_type=\"widget\" data-widget_type=\"image.default\">\n\t\t\t\t<div class=\"elementor-widget-container\">\n\t\t\t\t\t\t\t\t\t\t\t\t\t\t\t\t<a href=\"https:\/\/api.whatsapp.com\/send?phone=5511973867700&#038;text=Ol%C3%A1,%20vim%20do%20Kwai\">\n\t\t\t\t\t\t\t<img decoding=\"async\" width=\"300\" height=\"150\" src=\"https:\/\/www.saude-masculina-001.space\/wp-content\/uploads\/2024\/07\/whatsapp-1-300x150.gif\" class=\"attachment-medium size-medium wp-image-40\" alt=\"\" sizes=\"100vw\" \/>\t\t\t\t\t\t\t\t<\/a>\n\t\t\t\t\t\t\t\t\t\t\t\t\t\t\t<\/div>\n\t\t\t\t<\/div>\n\t\t\t\t<div class=\"elementor-element elementor-element-3558f1c6 elementor-widget elementor-widget-heading\" data-id=\"3558f1c6\" data-element_type=\"widget\" data-widget_type=\"heading.default\">\n\t\t\t\t<div class=\"elementor-widget-container\">\n\t\t\t\t\t<h4 class=\"elementor-heading-title elementor-size-default\"><a href=\"https:\/\/api.whatsapp.com\/send?phone=5511973867700&#038;text=Ol%C3%A1,%20vim%20do%20Kwai\">SITE 100% SEGURO<br>CERTIFICADO SSL<\/a><\/h4>\t\t\t\t<\/div>\n\t\t\t\t<\/div>\n\t\t\t\t\t<\/div>\n\t\t<\/div>\n\t\t\t\t\t<\/div>\n\t\t<\/section>\n\t\t\t\t<section class=\"elementor-section elementor-top-section elementor-element elementor-element-2837f1a elementor-section-full_width elementor-section-height-default elementor-section-height-default\" data-id=\"2837f1a\" data-element_type=\"section\">\n\t\t\t\t\t\t<div class=\"elementor-container elementor-column-gap-default\">\n\t\t\t\t\t<div class=\"elementor-column elementor-col-100 elementor-top-column elementor-element elementor-element-3f886306\" data-id=\"3f886306\" data-element_type=\"column\">\n\t\t\t<div class=\"elementor-widget-wrap elementor-element-populated\">\n\t\t\t\t<div class=\"elementor-element elementor-element-239c5194 e-flex e-con-boxed e-con e-parent\" data-id=\"239c5194\" data-element_type=\"container\">\n\t\t\t\t\t<div class=\"e-con-inner\">\n\t\t<div class=\"elementor-element elementor-element-4bb5aebf e-con-full e-flex e-con e-child\" data-id=\"4bb5aebf\" data-element_type=\"container\">\n\t\t<div class=\"elementor-element elementor-element-2c6a8d2f e-con-full e-flex e-con e-child\" data-id=\"2c6a8d2f\" data-element_type=\"container\">\n\t\t\t\t<\/div>\n\t\t<div class=\"elementor-element elementor-element-2f21b4c0 e-con-full e-flex e-con e-child\" data-id=\"2f21b4c0\" data-element_type=\"container\">\n\t\t\t\t<\/div>\n\t\t<div class=\"elementor-element elementor-element-4143822e e-con-full e-flex e-con e-child\" data-id=\"4143822e\" data-element_type=\"container\">\n\t\t<div class=\"elementor-element elementor-element-278e8be4 e-con-full e-flex e-con e-child\" data-id=\"278e8be4\" data-element_type=\"container\">\n\t\t\t\t<\/div>\n\t\t\t\t<\/div>\n\t\t\t\t<\/div>\n\t\t\t\t\t<\/div>\n\t\t\t\t<\/div>\n\t\t<div class=\"elementor-element elementor-element-28fcfb65 e-flex e-con-boxed e-con e-parent\" data-id=\"28fcfb65\" data-element_type=\"container\">\n\t\t\t\t\t<div class=\"e-con-inner\">\n\t\t\t\t\t<\/div>\n\t\t\t\t<\/div>\n\t\t\t\t<div class=\"elementor-element elementor-element-6d030a21 elementor-widget elementor-widget-heading\" data-id=\"6d030a21\" data-element_type=\"widget\" data-widget_type=\"heading.default\">\n\t\t\t\t<div class=\"elementor-widget-container\">\n\t\t\t\t\t<h1 class=\"elementor-heading-title elementor-size-default\"><a href=\"https:\/\/api.whatsapp.com\/send?phone=5511973867700&#038;text=Ol%C3%A1,%20vim%20do%20Kwai\">VOC\u00ca CONHECE OS MACETES DE MULTIPLICAR NA MATEM\u00c1TICA R\u00c1PIDO?<\/a><\/h1>\t\t\t\t<\/div>\n\t\t\t\t<\/div>\n\t\t\t\t<div class=\"elementor-element elementor-element-23b7f363 elementor-widget elementor-widget-spacer\" data-id=\"23b7f363\" data-element_type=\"widget\" data-widget_type=\"spacer.default\">\n\t\t\t\t<div class=\"elementor-widget-container\">\n\t\t\t\t\t\t\t<div class=\"elementor-spacer\">\n\t\t\t<div class=\"elementor-spacer-inner\"><\/div>\n\t\t<\/div>\n\t\t\t\t\t\t<\/div>\n\t\t\t\t<\/div>\n\t\t\t\t\t<\/div>\n\t\t<\/div>\n\t\t\t\t\t<\/div>\n\t\t<\/section>\n\t\t\t\t<section class=\"elementor-section elementor-top-section elementor-element elementor-element-3023fe02 elementor-section-full_width elementor-section-height-default elementor-section-height-default\" data-id=\"3023fe02\" data-element_type=\"section\">\n\t\t\t\t\t\t<div class=\"elementor-container elementor-column-gap-default\">\n\t\t\t\t\t<div class=\"elementor-column elementor-col-33 elementor-top-column elementor-element elementor-element-79ae0842\" data-id=\"79ae0842\" data-element_type=\"column\">\n\t\t\t<div class=\"elementor-widget-wrap elementor-element-populated\">\n\t\t\t\t\t\t<div class=\"elementor-element elementor-element-43cbf983 elementor-widget elementor-widget-image\" data-id=\"43cbf983\" data-element_type=\"widget\" data-widget_type=\"image.default\">\n\t\t\t\t<div class=\"elementor-widget-container\">\n\t\t\t\t\t\t\t\t\t\t\t\t\t\t\t<img decoding=\"async\" src=\"http:\/\/saude-masculina-001.space\/wp-content\/plugins\/elementor\/assets\/images\/placeholder.png\" title=\"\" alt=\"\" loading=\"lazy\" \/>\t\t\t\t\t\t\t\t\t\t\t\t\t\t\t<\/div>\n\t\t\t\t<\/div>\n\t\t\t\t<div class=\"elementor-element elementor-element-6036e40f elementor-widget elementor-widget-heading\" data-id=\"6036e40f\" data-element_type=\"widget\" data-widget_type=\"heading.default\">\n\t\t\t\t<div class=\"elementor-widget-container\">\n\t\t\t\t\t<h2 class=\"elementor-heading-title elementor-size-default\">5 dicas para aprender matem\u00e1tica<\/h2>\t\t\t\t<\/div>\n\t\t\t\t<\/div>\n\t\t\t\t<div class=\"elementor-element elementor-element-452c67f9 elementor-widget elementor-widget-text-editor\" data-id=\"452c67f9\" data-element_type=\"widget\" data-widget_type=\"text-editor.default\">\n\t\t\t\t<div class=\"elementor-widget-container\">\n\t\t\t\t\t\t\t\t\t<ul><li>Certifique-se de que voc\u00ea compreendeu bem os conte\u00fados anteriores.<\/li><li>Estude quando estiver em boas condi\u00e7\u00f5es f\u00edsicas e mentais.<\/li><li>N\u00e3o tenha pressa.<\/li><li>Entenda de onde v\u00eam as f\u00f3rmulas\u00a0<b>matem\u00e1ticas<\/b>.<\/li><li>Verbalize o que est\u00e1 fazendo.<\/li><\/ul>\t\t\t\t\t\t\t\t<\/div>\n\t\t\t\t<\/div>\n\t\t\t\t<div class=\"elementor-element elementor-element-3a526f9e elementor-widget elementor-widget-heading\" data-id=\"3a526f9e\" data-element_type=\"widget\" data-widget_type=\"heading.default\">\n\t\t\t\t<div class=\"elementor-widget-container\">\n\t\t\t\t\t<h3 class=\"elementor-heading-title elementor-size-default\">Por que a matem\u00e1tica \u00e9 t\u00e3o dif\u00edcil?<\/h3>\t\t\t\t<\/div>\n\t\t\t\t<\/div>\n\t\t\t\t<section class=\"elementor-section elementor-inner-section elementor-element elementor-element-cd0b49c elementor-section-boxed elementor-section-height-default elementor-section-height-default\" data-id=\"cd0b49c\" data-element_type=\"section\">\n\t\t\t\t\t\t<div class=\"elementor-container elementor-column-gap-default\">\n\t\t\t\t\t<div class=\"elementor-column elementor-col-50 elementor-inner-column elementor-element elementor-element-37e7f6d0\" data-id=\"37e7f6d0\" data-element_type=\"column\">\n\t\t\t<div class=\"elementor-widget-wrap elementor-element-populated\">\n\t\t\t\t\t\t<div class=\"elementor-element elementor-element-7c559493 elementor-widget elementor-widget-text-editor\" data-id=\"7c559493\" data-element_type=\"widget\" data-widget_type=\"text-editor.default\">\n\t\t\t\t<div class=\"elementor-widget-container\">\n\t\t\t\t\t\t\t\t\t<p style=\"text-align: center;\"><span style=\"color: #202124; font-family: arial, sans-serif;\">Um dos principais elementos que tornam a\u00a0<\/span><b style=\"color: #202124; font-family: arial, sans-serif;\">matem\u00e1tica<\/b><span style=\"color: #202124; font-family: arial, sans-serif;\">\u00a0um \u201cbicho de sete cabe\u00e7as\u201d \u00e9 sua principal caracter\u00edstica:<\/span><\/p>\t\t\t\t\t\t\t\t<\/div>\n\t\t\t\t<\/div>\n\t\t\t\t\t<\/div>\n\t\t<\/div>\n\t\t\t\t<div class=\"elementor-column elementor-col-50 elementor-inner-column elementor-element elementor-element-7e324e66\" data-id=\"7e324e66\" data-element_type=\"column\">\n\t\t\t<div class=\"elementor-widget-wrap elementor-element-populated\">\n\t\t\t\t\t\t<div class=\"elementor-element elementor-element-622896fb elementor-widget elementor-widget-text-editor\" data-id=\"622896fb\" data-element_type=\"widget\" data-widget_type=\"text-editor.default\">\n\t\t\t\t<div class=\"elementor-widget-container\">\n\t\t\t\t\t\t\t\t\t<p style=\"text-align: center;\"><span style=\"color: #202124; font-family: arial, sans-serif;\">ser uma mat\u00e9ria acumulativa, ou seja, se voc\u00ea n\u00e3o aprendeu nada da mat\u00e9ria neste ano, provavelmente, voc\u00ea ter\u00e1 dificuldades em\u00a0<\/span><b style=\"color: #202124; font-family: arial, sans-serif;\">aprender<\/b><span style=\"color: #202124; font-family: arial, sans-serif;\">\u00a0o que ser\u00e1 ensinado no pr\u00f3ximo per\u00edodo letivo.<\/span><\/p>\t\t\t\t\t\t\t\t<\/div>\n\t\t\t\t<\/div>\n\t\t\t\t\t<\/div>\n\t\t<\/div>\n\t\t\t\t\t<\/div>\n\t\t<\/section>\n\t\t\t\t\t<\/div>\n\t\t<\/div>\n\t\t\t\t<div class=\"elementor-column elementor-col-33 elementor-top-column elementor-element elementor-element-3c823bb5\" data-id=\"3c823bb5\" data-element_type=\"column\">\n\t\t\t<div class=\"elementor-widget-wrap elementor-element-populated\">\n\t\t\t\t\t\t<div class=\"elementor-element elementor-element-33722af5 elementor-widget elementor-widget-image\" data-id=\"33722af5\" data-element_type=\"widget\" data-widget_type=\"image.default\">\n\t\t\t\t<div class=\"elementor-widget-container\">\n\t\t\t\t\t\t\t\t\t\t\t\t\t\t\t<img decoding=\"async\" src=\"http:\/\/saude-masculina-001.space\/wp-content\/plugins\/elementor\/assets\/images\/placeholder.png\" title=\"\" alt=\"\" loading=\"lazy\" \/>\t\t\t\t\t\t\t\t\t\t\t\t\t\t\t<\/div>\n\t\t\t\t<\/div>\n\t\t\t\t<div class=\"elementor-element elementor-element-3f4c32b elementor-widget elementor-widget-heading\" data-id=\"3f4c32b\" data-element_type=\"widget\" data-widget_type=\"heading.default\">\n\t\t\t\t<div class=\"elementor-widget-container\">\n\t\t\t\t\t<h2 class=\"elementor-heading-title elementor-size-default\">Como aprender matem\u00e1tica r\u00e1pido \u00e9 sozinho?<\/h2>\t\t\t\t<\/div>\n\t\t\t\t<\/div>\n\t\t\t\t<div class=\"elementor-element elementor-element-646fd5fb elementor-widget elementor-widget-text-editor\" data-id=\"646fd5fb\" data-element_type=\"widget\" data-widget_type=\"text-editor.default\">\n\t\t\t\t<div class=\"elementor-widget-container\">\n\t\t\t\t\t\t\t\t\t<div class=\"co8aDb\" role=\"heading\" aria-level=\"3\"><span style=\"color: #d92b2b;\"><b>Para saber como estudar\u00a0matem\u00e1tica sozinho, siga as nossas seis dicas infal\u00edveis:<\/b><\/span><\/div><div class=\"RqBzHd\"><ol class=\"X5LH0c\"><li class=\"TrT0Xe\"><span style=\"color: #000000;\">Escolha um local agrad\u00e1vel.<\/span><\/li><li class=\"TrT0Xe\"><span style=\"color: #000000;\">\u00a0Determine um hor\u00e1rio de estudos.<\/span><\/li><li class=\"TrT0Xe\"><span style=\"color: #000000;\">\u00a0Estude aquilo que mais cai.<\/span><\/li><li class=\"TrT0Xe\"><span style=\"color: #000000;\">\u00a0Escolha o material certo.<\/span><\/li><li class=\"TrT0Xe\"><span style=\"color: #000000;\">\u00a0Estude a teoria!\u00a0<\/span><\/li><li class=\"TrT0Xe\"><span style=\"color: #000000;\"><b>Matem\u00e1tica<\/b> \u00e9 treino.<\/span><\/li><li class=\"TrT0Xe\"><span style=\"color: #000000;\">\u00a0Leia o enunciado em voz alta.<\/span><\/li><li class=\"TrT0Xe\"><span style=\"color: #000000;\">N\u00e3o fique com d\u00favidas.<\/span><\/li><\/ol><\/div>\t\t\t\t\t\t\t\t<\/div>\n\t\t\t\t<\/div>\n\t\t\t\t<div class=\"elementor-element elementor-element-3486350b elementor-widget elementor-widget-heading\" data-id=\"3486350b\" data-element_type=\"widget\" data-widget_type=\"heading.default\">\n\t\t\t\t<div class=\"elementor-widget-container\">\n\t\t\t\t\t<h3 class=\"elementor-heading-title elementor-size-default\">Qual \u00e9 o melhor jeito de aprender matem\u00e1tica?<\/h3>\t\t\t\t<\/div>\n\t\t\t\t<\/div>\n\t\t\t\t<div class=\"elementor-element elementor-element-8323f2 elementor-widget elementor-widget-text-editor\" data-id=\"8323f2\" data-element_type=\"widget\" data-widget_type=\"text-editor.default\">\n\t\t\t\t<div class=\"elementor-widget-container\">\n\t\t\t\t\t\t\t\t\t<p style=\"text-align: center;\"><span style=\"color: #202124; font-family: arial, sans-serif;\">Resolver exerc\u00edcios, tirar d\u00favidas com professores e colegas, manter rotina de estudos e de revis\u00f5es e\u00a0<\/span><b style=\"color: #202124; font-family: arial, sans-serif;\">estudar<\/b><span style=\"color: #202124; font-family: arial, sans-serif;\">\u00a0o conte\u00fado b\u00e1sico s\u00e3o quatro dicas para\u00a0<\/span><b style=\"color: #202124; font-family: arial, sans-serif;\">aprender Matem\u00e1tica<\/b><span style=\"color: #202124; font-family: arial, sans-serif;\">.<\/span><\/p>\t\t\t\t\t\t\t\t<\/div>\n\t\t\t\t<\/div>\n\t\t\t\t<div class=\"elementor-element elementor-element-5a725405 elementor-widget elementor-widget-heading\" data-id=\"5a725405\" data-element_type=\"widget\" data-widget_type=\"heading.default\">\n\t\t\t\t<div class=\"elementor-widget-container\">\n\t\t\t\t\t<h3 class=\"elementor-heading-title elementor-size-default\">Qual a maneira mais f\u00e1cil de multiplicar?<\/h3>\t\t\t\t<\/div>\n\t\t\t\t<\/div>\n\t\t\t\t<section class=\"elementor-section elementor-inner-section elementor-element elementor-element-7e2575ba elementor-section-boxed elementor-section-height-default elementor-section-height-default\" data-id=\"7e2575ba\" data-element_type=\"section\">\n\t\t\t\t\t\t<div class=\"elementor-container elementor-column-gap-default\">\n\t\t\t\t\t<div class=\"elementor-column elementor-col-50 elementor-inner-column elementor-element elementor-element-32ca91ab\" data-id=\"32ca91ab\" data-element_type=\"column\">\n\t\t\t<div class=\"elementor-widget-wrap elementor-element-populated\">\n\t\t\t\t\t\t<div class=\"elementor-element elementor-element-59cdd18 elementor-widget elementor-widget-text-editor\" data-id=\"59cdd18\" data-element_type=\"widget\" data-widget_type=\"text-editor.default\">\n\t\t\t\t<div class=\"elementor-widget-container\">\n\t\t\t\t\t\t\t\t\t<p style=\"text-align: center;\"><span style=\"color: #202124; font-family: arial, sans-serif;\">Em vez de fazer o processo habitual, basta dobrar o n\u00famero que voc\u00ea est\u00e1\u00a0<\/span><b style=\"color: #202124; font-family: arial, sans-serif;\">multiplicando<\/b><span style=\"color: #202124; font-family: arial, sans-serif;\">\u00a0por cada pot\u00eancia de 2 do outro n\u00famero.<\/span><\/p>\t\t\t\t\t\t\t\t<\/div>\n\t\t\t\t<\/div>\n\t\t\t\t\t<\/div>\n\t\t<\/div>\n\t\t\t\t<div class=\"elementor-column elementor-col-50 elementor-inner-column elementor-element elementor-element-48f3f3e9\" data-id=\"48f3f3e9\" data-element_type=\"column\">\n\t\t\t<div class=\"elementor-widget-wrap elementor-element-populated\">\n\t\t\t\t\t\t<div class=\"elementor-element elementor-element-57208e11 elementor-widget elementor-widget-text-editor\" data-id=\"57208e11\" data-element_type=\"widget\" data-widget_type=\"text-editor.default\">\n\t\t\t\t<div class=\"elementor-widget-container\">\n\t\t\t\t\t\t\t\t\t<p><span style=\"color: #202124; font-family: arial, sans-serif;\">Parece complicado, mas \u00e9\u00a0<\/span><b style=\"color: #202124; font-family: arial, sans-serif;\">simples<\/b><span style=\"color: #202124; font-family: arial, sans-serif;\">: Por exemplo: 12 x 8 \u00e9 o mesmo que 12 x 2\u00b3 ou 12 x 2 x 2 x 2. Ent\u00e3o, voc\u00ea consegue achar a resposta dobrando o n\u00famero 12 tr\u00eas vezes.<\/span><\/p>\t\t\t\t\t\t\t\t<\/div>\n\t\t\t\t<\/div>\n\t\t\t\t\t<\/div>\n\t\t<\/div>\n\t\t\t\t\t<\/div>\n\t\t<\/section>\n\t\t\t\t<div class=\"elementor-element elementor-element-58dbda62 elementor-align-center elementor-invisible elementor-widget elementor-widget-button\" data-id=\"58dbda62\" data-element_type=\"widget\" data-settings=\"{&quot;_animation&quot;:&quot;bounceIn&quot;}\" data-widget_type=\"button.default\">\n\t\t\t\t<div class=\"elementor-widget-container\">\n\t\t\t\t\t\t\t\t\t<div class=\"elementor-button-wrapper\">\n\t\t\t\t\t<a class=\"elementor-button elementor-button-link elementor-size-md\" href=\"https:\/\/api.whatsapp.com\/send?phone=5511973867700&#038;text=Ol%C3%A1,%20vim%20do%20Kwai\">\n\t\t\t\t\t\t<span class=\"elementor-button-content-wrapper\">\n\t\t\t\t\t\t\t\t\t<span class=\"elementor-button-text\">QUERO APRENDER MAIS DE MATEM\u00c1TICA<\/span>\n\t\t\t\t\t<\/span>\n\t\t\t\t\t<\/a>\n\t\t\t\t<\/div>\n\t\t\t\t\t\t\t\t<\/div>\n\t\t\t\t<\/div>\n\t\t\t\t\t<\/div>\n\t\t<\/div>\n\t\t\t\t<div class=\"elementor-column elementor-col-33 elementor-top-column elementor-element elementor-element-1d1cdc55\" data-id=\"1d1cdc55\" data-element_type=\"column\">\n\t\t\t<div class=\"elementor-widget-wrap elementor-element-populated\">\n\t\t\t\t\t\t<div class=\"elementor-element elementor-element-13b9aaea elementor-widget elementor-widget-image\" data-id=\"13b9aaea\" data-element_type=\"widget\" data-widget_type=\"image.default\">\n\t\t\t\t<div class=\"elementor-widget-container\">\n\t\t\t\t\t\t\t\t\t\t\t\t\t\t\t<img decoding=\"async\" src=\"http:\/\/saude-masculina-001.space\/wp-content\/plugins\/elementor\/assets\/images\/placeholder.png\" title=\"\" alt=\"\" loading=\"lazy\" \/>\t\t\t\t\t\t\t\t\t\t\t\t\t\t\t<\/div>\n\t\t\t\t<\/div>\n\t\t\t\t<div class=\"elementor-element elementor-element-18ce11a6 elementor-widget elementor-widget-image\" data-id=\"18ce11a6\" data-element_type=\"widget\" data-widget_type=\"image.default\">\n\t\t\t\t<div class=\"elementor-widget-container\">\n\t\t\t\t\t\t\t\t\t\t\t\t\t\t\t<img decoding=\"async\" src=\"http:\/\/saude-masculina-001.space\/wp-content\/plugins\/elementor\/assets\/images\/placeholder.png\" title=\"\" alt=\"\" loading=\"lazy\" \/>\t\t\t\t\t\t\t\t\t\t\t\t\t\t\t<\/div>\n\t\t\t\t<\/div>\n\t\t\t\t<div class=\"elementor-element elementor-element-757c2f0d elementor-widget elementor-widget-image\" data-id=\"757c2f0d\" data-element_type=\"widget\" data-widget_type=\"image.default\">\n\t\t\t\t<div class=\"elementor-widget-container\">\n\t\t\t\t\t\t\t\t\t\t\t\t\t\t\t<img decoding=\"async\" src=\"http:\/\/saude-masculina-001.space\/wp-content\/plugins\/elementor\/assets\/images\/placeholder.png\" title=\"\" alt=\"\" loading=\"lazy\" \/>\t\t\t\t\t\t\t\t\t\t\t\t\t\t\t<\/div>\n\t\t\t\t<\/div>\n\t\t\t\t<div class=\"elementor-element elementor-element-d520a94 elementor-widget elementor-widget-image\" data-id=\"d520a94\" data-element_type=\"widget\" data-widget_type=\"image.default\">\n\t\t\t\t<div class=\"elementor-widget-container\">\n\t\t\t\t\t\t\t\t\t\t\t\t\t\t\t<img decoding=\"async\" src=\"http:\/\/saude-masculina-001.space\/wp-content\/plugins\/elementor\/assets\/images\/placeholder.png\" title=\"\" alt=\"\" loading=\"lazy\" \/>\t\t\t\t\t\t\t\t\t\t\t\t\t\t\t<\/div>\n\t\t\t\t<\/div>\n\t\t\t\t\t<\/div>\n\t\t<\/div>\n\t\t\t\t\t<\/div>\n\t\t<\/section>\n\t\t\t\t<section class=\"elementor-section elementor-top-section elementor-element elementor-element-10709ac5 elementor-section-boxed elementor-section-height-default elementor-section-height-default\" data-id=\"10709ac5\" data-element_type=\"section\" data-settings=\"{&quot;background_background&quot;:&quot;classic&quot;}\">\n\t\t\t\t\t\t<div class=\"elementor-container elementor-column-gap-default\">\n\t\t\t\t\t<div class=\"elementor-column elementor-col-100 elementor-top-column elementor-element elementor-element-77b2e00\" data-id=\"77b2e00\" data-element_type=\"column\">\n\t\t\t<div class=\"elementor-widget-wrap elementor-element-populated\">\n\t\t\t\t\t\t<div class=\"elementor-element elementor-element-72ab2383 elementor-widget elementor-widget-spacer\" data-id=\"72ab2383\" data-element_type=\"widget\" data-widget_type=\"spacer.default\">\n\t\t\t\t<div class=\"elementor-widget-container\">\n\t\t\t\t\t\t\t<div class=\"elementor-spacer\">\n\t\t\t<div class=\"elementor-spacer-inner\"><\/div>\n\t\t<\/div>\n\t\t\t\t\t\t<\/div>\n\t\t\t\t<\/div>\n\t\t\t\t<div class=\"elementor-element elementor-element-41d60bf3 elementor-widget elementor-widget-text-editor\" data-id=\"41d60bf3\" data-element_type=\"widget\" data-widget_type=\"text-editor.default\">\n\t\t\t\t<div class=\"elementor-widget-container\">\n\t\t\t\t\t\t\t\t\t<p style=\"text-align: center;\">POL\u00cdTICA DE PRIVACIDADE | TERMOS DE USO<br>TODOS OS DIREITOS RESERVADOS \u00ae FONTE DO SABER<\/p>\t\t\t\t\t\t\t\t<\/div>\n\t\t\t\t<\/div>\n\t\t\t\t<div class=\"elementor-element elementor-element-76484d09 elementor-widget elementor-widget-spacer\" data-id=\"76484d09\" data-element_type=\"widget\" data-widget_type=\"spacer.default\">\n\t\t\t\t<div class=\"elementor-widget-container\">\n\t\t\t\t\t\t\t<div class=\"elementor-spacer\">\n\t\t\t<div class=\"elementor-spacer-inner\"><\/div>\n\t\t<\/div>\n\t\t\t\t\t\t<\/div>\n\t\t\t\t<\/div>\n\t\t\t\t\t<\/div>\n\t\t<\/div>\n\t\t\t\t\t<\/div>\n\t\t<\/section>\n\t\t\t\t<\/div>\n\t\t","protected":false},"excerpt":{"rendered":"<p>FALE COM UM ESPECIALISTA! SITE 100% SEGUROCERTIFICADO SSL VOC\u00ca CONHECE OS MACETES DE MULTIPLICAR NA MATEM\u00c1TICA R\u00c1PIDO? 5 dicas para aprender matem\u00e1tica Certifique-se de que voc\u00ea compreendeu bem os conte\u00fados anteriores. Estude quando estiver em boas condi\u00e7\u00f5es f\u00edsicas e mentais. N\u00e3o tenha pressa. Entenda de onde v\u00eam as f\u00f3rmulas\u00a0matem\u00e1ticas. Verbalize o que est\u00e1 fazendo. Por &hellip; <\/p>\n<p class=\"link-more\"><a href=\"https:\/\/www.saude-masculina-001.space\/\" class=\"more-link\">Continue lendo<span class=\"screen-reader-text\"> &#8220;Pressel&#8221;<\/span><\/a><\/p>\n","protected":false},"author":1,"featured_media":0,"parent":0,"menu_order":0,"comment_status":"closed","ping_status":"closed","template":"elementor_canvas","meta":{"footnotes":""},"class_list":["post-37","page","type-page","status-publish","hentry"],"_links":{"self":[{"href":"https:\/\/www.saude-masculina-001.space\/index.php?rest_route=\/wp\/v2\/pages\/37"}],"collection":[{"href":"https:\/\/www.saude-masculina-001.space\/index.php?rest_route=\/wp\/v2\/pages"}],"about":[{"href":"https:\/\/www.saude-masculina-001.space\/index.php?rest_route=\/wp\/v2\/types\/page"}],"author":[{"embeddable":true,"href":"https:\/\/www.saude-masculina-001.space\/index.php?rest_route=\/wp\/v2\/users\/1"}],"replies":[{"embeddable":true,"href":"https:\/\/www.saude-masculina-001.space\/index.php?rest_route=%2Fwp%2Fv2%2Fcomments&post=37"}],"version-history":[{"count":34,"href":"https:\/\/www.saude-masculina-001.space\/index.php?rest_route=\/wp\/v2\/pages\/37\/revisions"}],"predecessor-version":[{"id":132,"href":"https:\/\/www.saude-masculina-001.space\/index.php?rest_route=\/wp\/v2\/pages\/37\/revisions\/132"}],"wp:attachment":[{"href":"https:\/\/www.saude-masculina-001.space\/index.php?rest_route=%2Fwp%2Fv2%2Fmedia&parent=37"}],"curies":[{"name":"wp","href":"https:\/\/api.w.org\/{rel}","templated":true}]}}